{"id":208,"date":"2020-02-14T11:29:47","date_gmt":"2020-02-14T11:29:47","guid":{"rendered":"https:\/\/demosites.io\/restaurant-gb\/?page_id=208"},"modified":"2024-08-04T19:16:06","modified_gmt":"2024-08-04T17:16:06","slug":"62549-home","status":"publish","type":"page","link":"https:\/\/milanados.com\/","title":{"rendered":"Inicio"},"content":{"rendered":"\n<div class=\"wp-block-columns is-layout-flex wp-container-core-columns-is-layout-9d6595d7 wp-block-columns-is-layout-flex\">\n<div class=\"wp-block-column is-layout-flow wp-block-column-is-layout-flow\" style=\"flex-basis:100%\">\n<div id=\"wp-block-themeisle-blocks-advanced-columns-d6c31976\" class=\"wp-block-themeisle-blocks-advanced-columns alignfull has-1-columns has-desktop-equal-layout has-tablet-equal-layout has-mobile-equal-layout has-vertical-unset\"><div class=\"wp-block-themeisle-blocks-advanced-columns-overlay\"><\/div><div class=\"innerblocks-wrap\">\n<div id=\"wp-block-themeisle-blocks-advanced-column-8c100053\" class=\"wp-block-themeisle-blocks-advanced-column\">\n<h1 class=\"wp-block-heading has-nv-text-dark-bg-color has-text-color\">Milana II tu tienda de cocinas<\/h1>\n\n\n\n<p class=\"has-nv-text-dark-bg-color has-text-color\" style=\"font-size:25px\">M\u00e1s de 40 a\u00f1os decorando y montando cocinas, siempre adapt\u00e1ndonos a los requerimientos del cliente, donde dise\u00f1o y belleza encajan con la practicidad m\u00e1s absoluta.<\/p>\n\n\n\n<div class=\"wp-block-buttons is-layout-flex wp-block-buttons-is-layout-flex\"><\/div>\n<\/div>\n<\/div><\/div>\n<\/div>\n<\/div>\n\n\n\n<section id=\"wp-block-themeisle-blocks-advanced-columns-150002a9\" class=\"wp-block-themeisle-blocks-advanced-columns alignfull has-2-columns has-desktop-equal-layout has-tablet-equal-layout has-mobile-collapsedRows-layout has-vertical-unset has-vertical-undefined has-light-bg\"><div class=\"wp-block-themeisle-blocks-advanced-columns-overlay\"><\/div><div class=\"innerblocks-wrap\">\n<div id=\"wp-block-themeisle-blocks-advanced-column-0a67918a\" class=\"wp-block-themeisle-blocks-advanced-column\">\n<div style=\"height:160px\" aria-hidden=\"true\" class=\"wp-block-spacer\"><\/div>\n<\/div>\n\n\n\n<div id=\"wp-block-themeisle-blocks-advanced-column-fb2699c4\" class=\"wp-block-themeisle-blocks-advanced-column has-dark-bg\">\n<h2 class=\"wp-block-heading has-nv-text-dark-bg-color has-text-color\">En Milana II contamos con los mejores profesionales a tu disposici\u00f3n. <\/h2>\n\n\n\n<p class=\"has-nv-text-dark-bg-color has-text-color has-medium-font-size\">A<strong>venida de Espa\u00f1a, 18<\/strong>.  <\/p>\n\n\n\n<p>SAN SEBASTI\u00c1N DE LOS REYES &#8211; MADRID CP 28701<\/p>\n\n\n\n<p class=\"has-nv-text-dark-bg-color has-text-color has-medium-font-size\">Tel\u00e9fono:&nbsp;<strong>916541069<\/strong> &#8211; 916639131<\/p>\n\n\n\n<p>Email:&nbsp;<a href=\"mailto:comercial@milanados.com\"><strong>comercial@milanados.com<\/strong><\/a><\/p>\n\n\n\n<p>Horario de atenci\u00f3n al cliente:<\/p>\n\n\n\n<div class=\"wp-block-group is-vertical is-layout-flex wp-container-core-group-is-layout-8cf370e7 wp-block-group-is-layout-flex\">\n<p>Lunes a Viernes de 10:00 a 14:00 y de 17:00 a 20:00<\/p>\n\n\n\n<p>S\u00e1bados con cita previa de 10:00 a 14:00.<\/p>\n<\/div>\n<\/div>\n<\/div><\/section>\n\n\n\n<div id=\"wp-block-themeisle-blocks-advanced-columns-deff5fa1\" class=\"wp-block-themeisle-blocks-advanced-columns alignfull has-1-columns has-desktop-equal-layout has-tablet-equal-layout has-mobile-equal-layout has-vertical-unset has-dark-bg\"><div class=\"wp-block-themeisle-blocks-advanced-columns-overlay\"><\/div><div class=\"innerblocks-wrap\">\n<div id=\"wp-block-themeisle-blocks-advanced-column-9d9d6a65\" class=\"wp-block-themeisle-blocks-advanced-column\">\n<h2 class=\"wp-block-heading has-text-align-center has-nv-text-dark-bg-color has-text-color\">Proyectos realizados<\/h2>\n\n\n\n<p class=\"has-text-align-center has-nv-text-dark-bg-color has-text-color\" style=\"font-size:25px\">\u00a1A gustos. cocinas!<\/p>\n<\/div>\n<\/div><\/div>\n\n\n\n<div id=\"wp-block-themeisle-blocks-advanced-columns-52f77f5e\" class=\"wp-block-themeisle-blocks-advanced-columns alignfull has-4-columns has-desktop-equal-layout has-tablet-equal-layout has-mobile-collapsedRows-layout has-vertical-unset has-dark-bg\"><div class=\"wp-block-themeisle-blocks-advanced-columns-overlay\"><\/div><div class=\"innerblocks-wrap\">\n<div id=\"wp-block-themeisle-blocks-advanced-column-25860e47\" class=\"wp-block-themeisle-blocks-advanced-column\">\n<figure class=\"wp-block-image size-medium\"><img loading=\"lazy\" decoding=\"async\" width=\"300\" height=\"225\" src=\"https:\/\/milanados.com\/wp-content\/uploads\/2024\/08\/8-300x225.jpg\" alt=\"\" class=\"wp-image-20\" srcset=\"https:\/\/milanados.com\/wp-content\/uploads\/2024\/08\/8-300x225.jpg 300w, https:\/\/milanados.com\/wp-content\/uploads\/2024\/08\/8-768x576.jpg 768w, https:\/\/milanados.com\/wp-content\/uploads\/2024\/08\/8.jpg 800w\" sizes=\"auto, (max-width: 300px) 100vw, 300px\" \/><\/figure>\n<\/div>\n\n\n\n<div id=\"wp-block-themeisle-blocks-advanced-column-2196337b\" class=\"wp-block-themeisle-blocks-advanced-column\"><div class=\"wp-block-image\">\n<figure class=\"aligncenter size-full\"><img loading=\"lazy\" decoding=\"async\" width=\"800\" height=\"600\" src=\"https:\/\/milanados.com\/wp-content\/uploads\/2024\/08\/10.jpg\" alt=\"\" class=\"wp-image-22\" srcset=\"https:\/\/milanados.com\/wp-content\/uploads\/2024\/08\/10.jpg 800w, https:\/\/milanados.com\/wp-content\/uploads\/2024\/08\/10-300x225.jpg 300w, https:\/\/milanados.com\/wp-content\/uploads\/2024\/08\/10-768x576.jpg 768w\" sizes=\"auto, (max-width: 800px) 100vw, 800px\" \/><\/figure>\n<\/div><\/div>\n\n\n\n<div id=\"wp-block-themeisle-blocks-advanced-column-32931bfc\" class=\"wp-block-themeisle-blocks-advanced-column\"><div class=\"wp-block-image\">\n<figure class=\"aligncenter size-full\"><img loading=\"lazy\" decoding=\"async\" width=\"800\" height=\"600\" src=\"https:\/\/milanados.com\/wp-content\/uploads\/2024\/08\/12.jpg\" alt=\"\" class=\"wp-image-24\" srcset=\"https:\/\/milanados.com\/wp-content\/uploads\/2024\/08\/12.jpg 800w, https:\/\/milanados.com\/wp-content\/uploads\/2024\/08\/12-300x225.jpg 300w, https:\/\/milanados.com\/wp-content\/uploads\/2024\/08\/12-768x576.jpg 768w\" sizes=\"auto, (max-width: 800px) 100vw, 800px\" \/><\/figure>\n<\/div><\/div>\n\n\n\n<div id=\"wp-block-themeisle-blocks-advanced-column-c039a8f9\" class=\"wp-block-themeisle-blocks-advanced-column\"><div class=\"wp-block-image\">\n<figure class=\"aligncenter size-full\"><img loading=\"lazy\" decoding=\"async\" width=\"800\" height=\"600\" src=\"https:\/\/milanados.com\/wp-content\/uploads\/2024\/08\/1.jpg\" alt=\"\" class=\"wp-image-13\" srcset=\"https:\/\/milanados.com\/wp-content\/uploads\/2024\/08\/1.jpg 800w, https:\/\/milanados.com\/wp-content\/uploads\/2024\/08\/1-300x225.jpg 300w, https:\/\/milanados.com\/wp-content\/uploads\/2024\/08\/1-768x576.jpg 768w\" sizes=\"auto, (max-width: 800px) 100vw, 800px\" \/><\/figure>\n<\/div><\/div>\n<\/div><\/div>\n\n\n\n<div id=\"wp-block-themeisle-blocks-advanced-columns-7c4409c0\" class=\"wp-block-themeisle-blocks-advanced-columns alignfull has-4-columns has-desktop-equal-layout has-tablet-equal-layout has-mobile-collapsedRows-layout has-vertical-unset has-dark-bg\"><div class=\"wp-block-themeisle-blocks-advanced-columns-overlay\"><\/div><div class=\"innerblocks-wrap\">\n<div id=\"wp-block-themeisle-blocks-advanced-column-78661c47\" class=\"wp-block-themeisle-blocks-advanced-column\"><div class=\"wp-block-image\">\n<figure class=\"aligncenter size-full\"><img loading=\"lazy\" decoding=\"async\" width=\"800\" height=\"600\" src=\"https:\/\/milanados.com\/wp-content\/uploads\/2024\/08\/2.jpg\" alt=\"\" class=\"wp-image-14\" srcset=\"https:\/\/milanados.com\/wp-content\/uploads\/2024\/08\/2.jpg 800w, https:\/\/milanados.com\/wp-content\/uploads\/2024\/08\/2-300x225.jpg 300w, https:\/\/milanados.com\/wp-content\/uploads\/2024\/08\/2-768x576.jpg 768w\" sizes=\"auto, (max-width: 800px) 100vw, 800px\" \/><\/figure>\n<\/div><\/div>\n\n\n\n<div id=\"wp-block-themeisle-blocks-advanced-column-34c6a935\" class=\"wp-block-themeisle-blocks-advanced-column\"><div class=\"wp-block-image\">\n<figure class=\"aligncenter size-full\"><img loading=\"lazy\" decoding=\"async\" width=\"800\" height=\"600\" src=\"https:\/\/milanados.com\/wp-content\/uploads\/2024\/08\/17.jpg\" alt=\"\" class=\"wp-image-29\" srcset=\"https:\/\/milanados.com\/wp-content\/uploads\/2024\/08\/17.jpg 800w, https:\/\/milanados.com\/wp-content\/uploads\/2024\/08\/17-300x225.jpg 300w, https:\/\/milanados.com\/wp-content\/uploads\/2024\/08\/17-768x576.jpg 768w\" sizes=\"auto, (max-width: 800px) 100vw, 800px\" \/><\/figure>\n<\/div><\/div>\n\n\n\n<div id=\"wp-block-themeisle-blocks-advanced-column-4f4ada00\" class=\"wp-block-themeisle-blocks-advanced-column\"><div class=\"wp-block-image\">\n<figure class=\"aligncenter size-full\"><img loading=\"lazy\" decoding=\"async\" width=\"800\" height=\"600\" src=\"https:\/\/milanados.com\/wp-content\/uploads\/2024\/08\/6.jpg\" alt=\"\" class=\"wp-image-18\" srcset=\"https:\/\/milanados.com\/wp-content\/uploads\/2024\/08\/6.jpg 800w, https:\/\/milanados.com\/wp-content\/uploads\/2024\/08\/6-300x225.jpg 300w, https:\/\/milanados.com\/wp-content\/uploads\/2024\/08\/6-768x576.jpg 768w\" sizes=\"auto, (max-width: 800px) 100vw, 800px\" \/><\/figure>\n<\/div><\/div>\n\n\n\n<div id=\"wp-block-themeisle-blocks-advanced-column-15e939fc\" class=\"wp-block-themeisle-blocks-advanced-column\"><div class=\"wp-block-image\">\n<figure class=\"aligncenter size-full is-resized\"><img loading=\"lazy\" decoding=\"async\" width=\"800\" height=\"534\" src=\"https:\/\/milanados.com\/wp-content\/uploads\/2024\/08\/7.jpg\" alt=\"\" class=\"wp-image-19\" style=\"width:268px;height:auto\" srcset=\"https:\/\/milanados.com\/wp-content\/uploads\/2024\/08\/7.jpg 800w, https:\/\/milanados.com\/wp-content\/uploads\/2024\/08\/7-300x200.jpg 300w, https:\/\/milanados.com\/wp-content\/uploads\/2024\/08\/7-768x513.jpg 768w\" sizes=\"auto, (max-width: 800px) 100vw, 800px\" \/><\/figure>\n<\/div><\/div>\n<\/div><\/div>\n\n\n\n<div id=\"wp-block-themeisle-blocks-advanced-columns-73881adc\" class=\"wp-block-themeisle-blocks-advanced-columns alignfull has-0-columns has-desktop-equal-layout has-tablet-equal-layout has-mobile-equal-layout has-vertical-unset has-light-bg\"><div class=\"wp-block-themeisle-blocks-advanced-columns-overlay\"><\/div><div class=\"innerblocks-wrap\"><\/div><\/div>\n","protected":false},"excerpt":{"rendered":"","protected":false},"author":1,"featured_media":0,"parent":0,"menu_order":0,"comment_status":"closed","ping_status":"closed","template":"page-templates\/template-pagebuilder-full-width.php","meta":{"neve_meta_sidebar":"full-width","neve_meta_container":"contained","neve_meta_enable_content_width":"on","neve_meta_content_width":100,"neve_meta_title_alignment":"","neve_meta_author_avatar":"","neve_post_elements_order":"","neve_meta_disable_header":"","neve_meta_disable_footer":"","neve_meta_disable_title":"on","_themeisle_gutenberg_block_has_review":false,"footnotes":""},"class_list":["post-208","page","type-page","status-publish","hentry"],"_links":{"self":[{"href":"https:\/\/milanados.com\/index.php?rest_route=\/wp\/v2\/pages\/208","targetHints":{"allow":["GET"]}}],"collection":[{"href":"https:\/\/milanados.com\/index.php?rest_route=\/wp\/v2\/pages"}],"about":[{"href":"https:\/\/milanados.com\/index.php?rest_route=\/wp\/v2\/types\/page"}],"author":[{"embeddable":true,"href":"https:\/\/milanados.com\/index.php?rest_route=\/wp\/v2\/users\/1"}],"replies":[{"embeddable":true,"href":"https:\/\/milanados.com\/index.php?rest_route=%2Fwp%2Fv2%2Fcomments&post=208"}],"version-history":[{"count":9,"href":"https:\/\/milanados.com\/index.php?rest_route=\/wp\/v2\/pages\/208\/revisions"}],"predecessor-version":[{"id":989,"href":"https:\/\/milanados.com\/index.php?rest_route=\/wp\/v2\/pages\/208\/revisions\/989"}],"wp:attachment":[{"href":"https:\/\/milanados.com\/index.php?rest_route=%2Fwp%2Fv2%2Fmedia&parent=208"}],"curies":[{"name":"wp","href":"https:\/\/api.w.org\/{rel}","templated":true}]}}